{"id":21,"date":"2016-04-06T06:22:39","date_gmt":"2016-04-06T05:22:39","guid":{"rendered":"http:\/\/agencetandem.com\/?page_id=21"},"modified":"2022-10-12T10:58:45","modified_gmt":"2022-10-12T09:58:45","slug":"agence","status":"publish","type":"page","link":"https:\/\/agencetandem.com\/index.php\/agence\/","title":{"rendered":"agence"},"content":{"rendered":"<p>[vc_row css=\u00a0\u00bb.vc_custom_1460107320334{margin-top: 0px !important;}\u00a0\u00bb][vc_column width=\u00a0\u00bb1\/2&Prime; css=\u00a0\u00bb.vc_custom_1664981336252{border-radius: 3px !important;}\u00a0\u00bb][vc_column_text]<strong style=\"color: #0000ff;\">L&rsquo;audace a du g\u00e9nie, du pouvoir et de la magie. Goethe<\/strong><\/p>\n<p class=\"p1\">Tandem, bureau cr\u00e9atif multidisciplinaire intervient sur le Grand Est, Nancy et Paris. Depuis 30 ans, il donne une belle impulsion \u00e0 tous projets de communication en proposant des solutions cr\u00e9atives sur-mesure, efficaces et coh\u00e9rentes. Il agit sur tous les leviers de la communication pour aider l\u2019entreprise ou la structure a atteindre ses objectifs de visibilit\u00e9.<\/p>\n<p class=\"p1\">M\u00e9thodo : privil\u00e9gier l\u2019\u00e9coute pour une meilleure \u00e9valuation des besoins. Le design n&rsquo;est pas seulement graphique, il est aussi l&rsquo;expression de l&rsquo;identit\u00e9 et de la vision strat\u00e9gique de l&rsquo;entreprise ou de la collectivit\u00e9 territoriale. Pour assurer la meilleure qualit\u00e9 de service, Tandem s\u2019entoure de partenaires partageant ses valeurs et ses exigences professionnelles.<\/p>\n<p class=\"p1\">Flexible, l&rsquo;agence Tandem a \u00e0 c\u0153ur d\u2019entretenir avec ses clients une relation \u00ab\u00a0en tandem\u00a0\u00bb bas\u00e9e sur la confiance. Elle se doit d\u2019allier souplesse, r\u00e9activit\u00e9 et rigueur, sans tension. Elle fait \u00e9galement le choix d\u2019adopter une attitude \u00e9conomique et \u00e9cologique pour proposer les tarifs les plus justes.<\/p>\n<p>[\/vc_column_text][\/vc_column][vc_column width=\u00a0\u00bb1\/2&Prime;][vc_separator border_width=\u00a0\u00bb3&Prime;][vc_column_text]<strong style=\"color: #0000ff;\">Une id\u00e9e n&rsquo;est pas cr\u00e9ative si elle n&rsquo;est pas strat\u00e9gique.<br \/>\n<\/strong>Notre travail de conseil, d&rsquo;expertise et de cr\u00e9ation privil\u00e9gie le sens autant que l&rsquo;image.<\/p>\n<p><strong style=\"color: #0000ff;\">Cr\u00e9er votre identit\u00e9 visuelle pour doper votre image.<\/strong><br \/>\nNous nous adaptons \u00e0 nos clients et pas l&rsquo;inverse. Nos r\u00e9ponses sont co-construite et sur-mesure.<\/p>\n<p><strong style=\"color: #0000ff;\">Mettre en forme vos messages.<\/strong><br \/>\nFaire du beau, le faire bien. Nous travaillons sans confondre vitesse et pr\u00e9cipitation.[\/vc_column_text][\/vc_column][\/vc_row][vc_row][vc_column][vc_separator border_width=\u00a0\u00bb2&Prime;][\/vc_column][\/vc_row][vc_row][vc_column][vc_column_text]<strong style=\"color: #0000ff;\">Nos domaines d&rsquo;intervention<\/strong><\/p>\n<p>Nous pouvons vous accompagner sur la cr\u00e9ation de votre identit\u00e9 de marque avec recherche de naming, l&rsquo;\u00e9loboration d\u2019un logo efficace ou la refonte d&rsquo;un existant, la r\u00e9alisation de la charte graphique, et toutes d\u00e9clinaisons Print (\u00e9dition, magazine, signal\u00e9tique, sc\u00e9nographie, affiche, flyer\u2026) ou digital (webdesign, motion design) voir plus\u2026[\/vc_column_text][\/vc_column][\/vc_row][vc_row][vc_column][vc_separator border_width=\u00a0\u00bb2&Prime;][\/vc_column][\/vc_row][vc_row][vc_column][vc_cta h2=\u00a0\u00bbD\u00e9marquez-vous avec un univers visuel unique et remarquable.\u00a0\u00bb style=\u00a0\u00bbflat\u00a0\u00bb css_animation=\u00a0\u00bbbounceInUp\u00a0\u00bb]Chaque projet confi\u00e9 est une source de curiosit\u00e9. Il suscite un \u00e9change personnalis\u00e9 et une r\u00e9flexion approfondie.<\/p>\n<p>L&rsquo;\u00e9quipe allie cr\u00e9ativit\u00e9 et ma\u00eetrise technique pour am\u00e9liorer la communication de ses clients.<\/p>\n<p>Besoin d&rsquo;un devis pour la cr\u00e9ation d&rsquo;une identit\u00e9 visuelle, d&rsquo;un projet de design graphique, d&rsquo;\u00e9dition, d&rsquo;une campagne publicitaire\u2026 ?<\/p>\n<p class=\"p1\" style=\"color: #0000ff;\"><b>N\u2019h\u00e9sitez pas \u00e0 nous contacter : <\/b><strong>hello(at)agencetandem.com \/ T\u00e9l 03 83 37 87 66<\/strong><\/p>\n<p>[\/vc_cta][\/vc_column][\/vc_row]<\/p>\n","protected":false},"excerpt":{"rendered":"<p>[vc_row css=\u00a0\u00bb.vc_custom_1460107320334{margin-top: 0px !important;}\u00a0\u00bb][vc_column width=\u00a0\u00bb1\/2&Prime; css=\u00a0\u00bb.vc_custom_1664981336252{border-radius: 3px !important;}\u00a0\u00bb][vc_column_text]L&rsquo;audace a du g\u00e9nie, du pouvoir et de la magie. Goethe&#8230;<\/p>\n","protected":false},"author":1,"featured_media":0,"parent":0,"menu_order":0,"comment_status":"closed","ping_status":"closed","template":"","meta":{"inline_featured_image":false,"footnotes":""},"class_list":["post-21","page","type-page","status-publish","hentry"],"yoast_head":"<!-- This site is optimized with the Yoast SEO plugin v27.4 - https:\/\/yoast.com\/product\/yoast-seo-wordpress\/ -->\n<title>AGENCE TANDEM I Communication - Design graphique<\/title>\n<meta name=\"description\" content=\"Studio cr\u00e9atif sp\u00e9cialis\u00e9 dans la strat\u00e9gie de marque, la direction artistique, le design graphique et la conception de contenus multim\u00e9dias.\" \/>\n<meta name=\"robots\" content=\"index, follow, max-snippet:-1, max-image-preview:large, max-video-preview:-1\" \/>\n<link rel=\"canonical\" href=\"https:\/\/agencetandem.com\/index.php\/agence\/\" \/>\n<meta property=\"og:locale\" content=\"fr_FR\" \/>\n<meta property=\"og:type\" content=\"article\" \/>\n<meta property=\"og:title\" content=\"AGENCE TANDEM I Communication - Design graphique\" \/>\n<meta property=\"og:description\" content=\"Studio cr\u00e9atif sp\u00e9cialis\u00e9 dans la strat\u00e9gie de marque, la direction artistique, le design graphique et la conception de contenus multim\u00e9dias.\" \/>\n<meta property=\"og:url\" content=\"https:\/\/agencetandem.com\/index.php\/agence\/\" \/>\n<meta property=\"og:site_name\" content=\"Tandem I Communication &amp; design graphique\" \/>\n<meta property=\"article:publisher\" content=\"https:\/\/www.facebook.com\/agencetandem.nancy.paris\/\" \/>\n<meta property=\"article:modified_time\" content=\"2022-10-12T09:58:45+00:00\" \/>\n<meta name=\"twitter:card\" content=\"summary_large_image\" \/>\n<meta name=\"twitter:label1\" content=\"Dur\u00e9e de lecture estim\u00e9e\" \/>\n\t<meta name=\"twitter:data1\" content=\"2 minutes\" \/>\n<script type=\"application\/ld+json\" class=\"yoast-schema-graph\">{\"@context\":\"https:\\\/\\\/schema.org\",\"@graph\":[{\"@type\":\"WebPage\",\"@id\":\"https:\\\/\\\/agencetandem.com\\\/index.php\\\/agence\\\/\",\"url\":\"https:\\\/\\\/agencetandem.com\\\/index.php\\\/agence\\\/\",\"name\":\"AGENCE TANDEM I Communication - Design graphique\",\"isPartOf\":{\"@id\":\"https:\\\/\\\/agencetandem.com\\\/#website\"},\"datePublished\":\"2016-04-06T05:22:39+00:00\",\"dateModified\":\"2022-10-12T09:58:45+00:00\",\"description\":\"Studio cr\u00e9atif sp\u00e9cialis\u00e9 dans la strat\u00e9gie de marque, la direction artistique, le design graphique et la conception de contenus multim\u00e9dias.\",\"breadcrumb\":{\"@id\":\"https:\\\/\\\/agencetandem.com\\\/index.php\\\/agence\\\/#breadcrumb\"},\"inLanguage\":\"fr-FR\",\"potentialAction\":[{\"@type\":\"ReadAction\",\"target\":[\"https:\\\/\\\/agencetandem.com\\\/index.php\\\/agence\\\/\"]}]},{\"@type\":\"BreadcrumbList\",\"@id\":\"https:\\\/\\\/agencetandem.com\\\/index.php\\\/agence\\\/#breadcrumb\",\"itemListElement\":[{\"@type\":\"ListItem\",\"position\":1,\"name\":\"Home\",\"item\":\"https:\\\/\\\/agencetandem.com\\\/\"},{\"@type\":\"ListItem\",\"position\":2,\"name\":\"agence\"}]},{\"@type\":\"WebSite\",\"@id\":\"https:\\\/\\\/agencetandem.com\\\/#website\",\"url\":\"https:\\\/\\\/agencetandem.com\\\/\",\"name\":\"AGENCE TANDEM I Design graphique\",\"description\":\"Tandem, studio de cr\u00e9ation graphique implant\u00e9 sur Nancy et Paris. Nous donnons une belle impulsion \u00e0 vos projets de communication,  en vous proposant des solutions cr\u00e9atives sur-mesure et efficaces. D\u00e9marquez-vous avec un univers visuel unique et remarquable.\",\"publisher\":{\"@id\":\"https:\\\/\\\/agencetandem.com\\\/#organization\"},\"potentialAction\":[{\"@type\":\"SearchAction\",\"target\":{\"@type\":\"EntryPoint\",\"urlTemplate\":\"https:\\\/\\\/agencetandem.com\\\/?s={search_term_string}\"},\"query-input\":{\"@type\":\"PropertyValueSpecification\",\"valueRequired\":true,\"valueName\":\"search_term_string\"}}],\"inLanguage\":\"fr-FR\"},{\"@type\":\"Organization\",\"@id\":\"https:\\\/\\\/agencetandem.com\\\/#organization\",\"name\":\"Agence Tandem\",\"url\":\"https:\\\/\\\/agencetandem.com\\\/\",\"logo\":{\"@type\":\"ImageObject\",\"inLanguage\":\"fr-FR\",\"@id\":\"https:\\\/\\\/agencetandem.com\\\/#\\\/schema\\\/logo\\\/image\\\/\",\"url\":\"http:\\\/\\\/agencetandem.com\\\/wp-content\\\/uploads\\\/2017\\\/02\\\/Avatar-RVB-rouge-AT.png\",\"contentUrl\":\"http:\\\/\\\/agencetandem.com\\\/wp-content\\\/uploads\\\/2017\\\/02\\\/Avatar-RVB-rouge-AT.png\",\"width\":2363,\"height\":2363,\"caption\":\"Agence Tandem\"},\"image\":{\"@id\":\"https:\\\/\\\/agencetandem.com\\\/#\\\/schema\\\/logo\\\/image\\\/\"},\"sameAs\":[\"https:\\\/\\\/www.facebook.com\\\/agencetandem.nancy.paris\\\/\",\"https:\\\/\\\/www.pinterest.fr\\\/msophiekeller\\\/boards\\\/\"]}]}<\/script>\n<!-- \/ Yoast SEO plugin. -->","yoast_head_json":{"title":"AGENCE TANDEM I Communication - Design graphique","description":"Studio cr\u00e9atif sp\u00e9cialis\u00e9 dans la strat\u00e9gie de marque, la direction artistique, le design graphique et la conception de contenus multim\u00e9dias.","robots":{"index":"index","follow":"follow","max-snippet":"max-snippet:-1","max-image-preview":"max-image-preview:large","max-video-preview":"max-video-preview:-1"},"canonical":"https:\/\/agencetandem.com\/index.php\/agence\/","og_locale":"fr_FR","og_type":"article","og_title":"AGENCE TANDEM I Communication - Design graphique","og_description":"Studio cr\u00e9atif sp\u00e9cialis\u00e9 dans la strat\u00e9gie de marque, la direction artistique, le design graphique et la conception de contenus multim\u00e9dias.","og_url":"https:\/\/agencetandem.com\/index.php\/agence\/","og_site_name":"Tandem I Communication &amp; design graphique","article_publisher":"https:\/\/www.facebook.com\/agencetandem.nancy.paris\/","article_modified_time":"2022-10-12T09:58:45+00:00","twitter_card":"summary_large_image","twitter_misc":{"Dur\u00e9e de lecture estim\u00e9e":"2 minutes"},"schema":{"@context":"https:\/\/schema.org","@graph":[{"@type":"WebPage","@id":"https:\/\/agencetandem.com\/index.php\/agence\/","url":"https:\/\/agencetandem.com\/index.php\/agence\/","name":"AGENCE TANDEM I Communication - Design graphique","isPartOf":{"@id":"https:\/\/agencetandem.com\/#website"},"datePublished":"2016-04-06T05:22:39+00:00","dateModified":"2022-10-12T09:58:45+00:00","description":"Studio cr\u00e9atif sp\u00e9cialis\u00e9 dans la strat\u00e9gie de marque, la direction artistique, le design graphique et la conception de contenus multim\u00e9dias.","breadcrumb":{"@id":"https:\/\/agencetandem.com\/index.php\/agence\/#breadcrumb"},"inLanguage":"fr-FR","potentialAction":[{"@type":"ReadAction","target":["https:\/\/agencetandem.com\/index.php\/agence\/"]}]},{"@type":"BreadcrumbList","@id":"https:\/\/agencetandem.com\/index.php\/agence\/#breadcrumb","itemListElement":[{"@type":"ListItem","position":1,"name":"Home","item":"https:\/\/agencetandem.com\/"},{"@type":"ListItem","position":2,"name":"agence"}]},{"@type":"WebSite","@id":"https:\/\/agencetandem.com\/#website","url":"https:\/\/agencetandem.com\/","name":"AGENCE TANDEM I Design graphique","description":"Tandem, studio de cr\u00e9ation graphique implant\u00e9 sur Nancy et Paris. Nous donnons une belle impulsion \u00e0 vos projets de communication,  en vous proposant des solutions cr\u00e9atives sur-mesure et efficaces. D\u00e9marquez-vous avec un univers visuel unique et remarquable.","publisher":{"@id":"https:\/\/agencetandem.com\/#organization"},"potentialAction":[{"@type":"SearchAction","target":{"@type":"EntryPoint","urlTemplate":"https:\/\/agencetandem.com\/?s={search_term_string}"},"query-input":{"@type":"PropertyValueSpecification","valueRequired":true,"valueName":"search_term_string"}}],"inLanguage":"fr-FR"},{"@type":"Organization","@id":"https:\/\/agencetandem.com\/#organization","name":"Agence Tandem","url":"https:\/\/agencetandem.com\/","logo":{"@type":"ImageObject","inLanguage":"fr-FR","@id":"https:\/\/agencetandem.com\/#\/schema\/logo\/image\/","url":"http:\/\/agencetandem.com\/wp-content\/uploads\/2017\/02\/Avatar-RVB-rouge-AT.png","contentUrl":"http:\/\/agencetandem.com\/wp-content\/uploads\/2017\/02\/Avatar-RVB-rouge-AT.png","width":2363,"height":2363,"caption":"Agence Tandem"},"image":{"@id":"https:\/\/agencetandem.com\/#\/schema\/logo\/image\/"},"sameAs":["https:\/\/www.facebook.com\/agencetandem.nancy.paris\/","https:\/\/www.pinterest.fr\/msophiekeller\/boards\/"]}]}},"_links":{"self":[{"href":"https:\/\/agencetandem.com\/index.php\/wp-json\/wp\/v2\/pages\/21","targetHints":{"allow":["GET"]}}],"collection":[{"href":"https:\/\/agencetandem.com\/index.php\/wp-json\/wp\/v2\/pages"}],"about":[{"href":"https:\/\/agencetandem.com\/index.php\/wp-json\/wp\/v2\/types\/page"}],"author":[{"embeddable":true,"href":"https:\/\/agencetandem.com\/index.php\/wp-json\/wp\/v2\/users\/1"}],"replies":[{"embeddable":true,"href":"https:\/\/agencetandem.com\/index.php\/wp-json\/wp\/v2\/comments?post=21"}],"version-history":[{"count":123,"href":"https:\/\/agencetandem.com\/index.php\/wp-json\/wp\/v2\/pages\/21\/revisions"}],"predecessor-version":[{"id":1386,"href":"https:\/\/agencetandem.com\/index.php\/wp-json\/wp\/v2\/pages\/21\/revisions\/1386"}],"wp:attachment":[{"href":"https:\/\/agencetandem.com\/index.php\/wp-json\/wp\/v2\/media?parent=21"}],"curies":[{"name":"wp","href":"https:\/\/api.w.org\/{rel}","templated":true}]}}