{"id":36,"date":"2016-04-07T07:57:23","date_gmt":"2016-04-07T06:57:23","guid":{"rendered":"http:\/\/agencetandem.com\/?page_id=36"},"modified":"2016-04-07T09:33:11","modified_gmt":"2016-04-07T08:33:11","slug":"item-modele","status":"publish","type":"page","link":"https:\/\/agencetandem.com\/index.php\/item-modele\/","title":{"rendered":"Item &#8211; Mod\u00e8le"},"content":{"rendered":"<p>[vc_row][vc_column][vc_column_text css=\u00a0\u00bb.vc_custom_1460017962449{margin-top: 100px !important;margin-bottom: 100px !important;}\u00a0\u00bb]<\/p>\n<h1 style=\"text-align: center;\">Exemple de page \u00ab\u00a0Item\u00a0\u00bb<\/h1>\n<h6 style=\"text-align: center;\">DIRECTION ARTISTIQUE MARIE-SOPHIE KELLER<\/h6>\n<p>&nbsp;<\/p>\n<p style=\"text-align: center;\">Cette page permet de concevoir la mise en page d&rsquo;un item avec l&rsquo;outil graphique disponible uniquement sur les pages web.<\/p>\n<p>[\/vc_column_text][\/vc_column][\/vc_row][vc_row][vc_column][vc_single_image image=\u00a0\u00bb39&Prime; img_size=\u00a0\u00bbfull\u00a0\u00bb][\/vc_column][\/vc_row][vc_row][vc_column width=\u00a0\u00bb1\/2&Prime;][vc_single_image image=\u00a0\u00bb40&Prime; img_size=\u00a0\u00bbfull\u00a0\u00bb][\/vc_column][vc_column width=\u00a0\u00bb1\/2&Prime;][vc_single_image image=\u00a0\u00bb42&Prime; img_size=\u00a0\u00bbfull\u00a0\u00bb][\/vc_column][\/vc_row]<\/p>\n","protected":false},"excerpt":{"rendered":"<p>[vc_row][vc_column][vc_column_text css=\u00a0\u00bb.vc_custom_1460017962449{margin-top: 100px !important;margin-bottom: 100px !important;}\u00a0\u00bb] Exemple de page \u00ab\u00a0Item\u00a0\u00bb DIRECTION ARTISTIQUE MARIE-SOPHIE KELLER &nbsp; Cette page permet&#8230;<\/p>\n","protected":false},"author":1,"featured_media":0,"parent":0,"menu_order":0,"comment_status":"closed","ping_status":"closed","template":"","meta":{"inline_featured_image":false,"footnotes":""},"class_list":["post-36","page","type-page","status-publish","hentry"],"yoast_head":"<!-- This site is optimized with the Yoast SEO plugin v27.4 - https:\/\/yoast.com\/product\/yoast-seo-wordpress\/ -->\n<title>Item - Mod\u00e8le - Tandem I Communication &amp; design graphique<\/title>\n<meta name=\"robots\" content=\"index, follow, max-snippet:-1, max-image-preview:large, max-video-preview:-1\" \/>\n<link rel=\"canonical\" href=\"https:\/\/agencetandem.com\/index.php\/item-modele\/\" \/>\n<meta property=\"og:locale\" content=\"fr_FR\" \/>\n<meta property=\"og:type\" content=\"article\" \/>\n<meta property=\"og:title\" content=\"Item - Mod\u00e8le - Tandem I Communication &amp; design graphique\" \/>\n<meta property=\"og:description\" content=\"[vc_row][vc_column][vc_column_text css=\u00a0\u00bb.vc_custom_1460017962449{margin-top: 100px !important;margin-bottom: 100px !important;}\u00a0\u00bb] Exemple de page \u00ab\u00a0Item\u00a0\u00bb DIRECTION ARTISTIQUE MARIE-SOPHIE KELLER &nbsp; Cette page permet...\" \/>\n<meta property=\"og:url\" content=\"https:\/\/agencetandem.com\/index.php\/item-modele\/\" \/>\n<meta property=\"og:site_name\" content=\"Tandem I Communication &amp; design graphique\" \/>\n<meta property=\"article:publisher\" content=\"https:\/\/www.facebook.com\/agencetandem.nancy.paris\/\" \/>\n<meta property=\"article:modified_time\" content=\"2016-04-07T08:33:11+00:00\" \/>\n<meta name=\"twitter:card\" content=\"summary_large_image\" \/>\n<script type=\"application\/ld+json\" class=\"yoast-schema-graph\">{\"@context\":\"https:\\\/\\\/schema.org\",\"@graph\":[{\"@type\":\"WebPage\",\"@id\":\"https:\\\/\\\/agencetandem.com\\\/index.php\\\/item-modele\\\/\",\"url\":\"https:\\\/\\\/agencetandem.com\\\/index.php\\\/item-modele\\\/\",\"name\":\"Item - Mod\u00e8le - Tandem I Communication &amp; design graphique\",\"isPartOf\":{\"@id\":\"https:\\\/\\\/agencetandem.com\\\/#website\"},\"datePublished\":\"2016-04-07T06:57:23+00:00\",\"dateModified\":\"2016-04-07T08:33:11+00:00\",\"breadcrumb\":{\"@id\":\"https:\\\/\\\/agencetandem.com\\\/index.php\\\/item-modele\\\/#breadcrumb\"},\"inLanguage\":\"fr-FR\",\"potentialAction\":[{\"@type\":\"ReadAction\",\"target\":[\"https:\\\/\\\/agencetandem.com\\\/index.php\\\/item-modele\\\/\"]}]},{\"@type\":\"BreadcrumbList\",\"@id\":\"https:\\\/\\\/agencetandem.com\\\/index.php\\\/item-modele\\\/#breadcrumb\",\"itemListElement\":[{\"@type\":\"ListItem\",\"position\":1,\"name\":\"Home\",\"item\":\"https:\\\/\\\/agencetandem.com\\\/\"},{\"@type\":\"ListItem\",\"position\":2,\"name\":\"Item &#8211; Mod\u00e8le\"}]},{\"@type\":\"WebSite\",\"@id\":\"https:\\\/\\\/agencetandem.com\\\/#website\",\"url\":\"https:\\\/\\\/agencetandem.com\\\/\",\"name\":\"AGENCE TANDEM I Design graphique\",\"description\":\"Tandem, studio de cr\u00e9ation graphique implant\u00e9 sur Nancy et Paris. Nous donnons une belle impulsion \u00e0 vos projets de communication,  en vous proposant des solutions cr\u00e9atives sur-mesure et efficaces. D\u00e9marquez-vous avec un univers visuel unique et remarquable.\",\"publisher\":{\"@id\":\"https:\\\/\\\/agencetandem.com\\\/#organization\"},\"potentialAction\":[{\"@type\":\"SearchAction\",\"target\":{\"@type\":\"EntryPoint\",\"urlTemplate\":\"https:\\\/\\\/agencetandem.com\\\/?s={search_term_string}\"},\"query-input\":{\"@type\":\"PropertyValueSpecification\",\"valueRequired\":true,\"valueName\":\"search_term_string\"}}],\"inLanguage\":\"fr-FR\"},{\"@type\":\"Organization\",\"@id\":\"https:\\\/\\\/agencetandem.com\\\/#organization\",\"name\":\"Agence Tandem\",\"url\":\"https:\\\/\\\/agencetandem.com\\\/\",\"logo\":{\"@type\":\"ImageObject\",\"inLanguage\":\"fr-FR\",\"@id\":\"https:\\\/\\\/agencetandem.com\\\/#\\\/schema\\\/logo\\\/image\\\/\",\"url\":\"http:\\\/\\\/agencetandem.com\\\/wp-content\\\/uploads\\\/2017\\\/02\\\/Avatar-RVB-rouge-AT.png\",\"contentUrl\":\"http:\\\/\\\/agencetandem.com\\\/wp-content\\\/uploads\\\/2017\\\/02\\\/Avatar-RVB-rouge-AT.png\",\"width\":2363,\"height\":2363,\"caption\":\"Agence Tandem\"},\"image\":{\"@id\":\"https:\\\/\\\/agencetandem.com\\\/#\\\/schema\\\/logo\\\/image\\\/\"},\"sameAs\":[\"https:\\\/\\\/www.facebook.com\\\/agencetandem.nancy.paris\\\/\",\"https:\\\/\\\/www.pinterest.fr\\\/msophiekeller\\\/boards\\\/\"]}]}<\/script>\n<!-- \/ Yoast SEO plugin. -->","yoast_head_json":{"title":"Item - Mod\u00e8le - Tandem I Communication &amp; design graphique","robots":{"index":"index","follow":"follow","max-snippet":"max-snippet:-1","max-image-preview":"max-image-preview:large","max-video-preview":"max-video-preview:-1"},"canonical":"https:\/\/agencetandem.com\/index.php\/item-modele\/","og_locale":"fr_FR","og_type":"article","og_title":"Item - Mod\u00e8le - Tandem I Communication &amp; design graphique","og_description":"[vc_row][vc_column][vc_column_text css=\u00a0\u00bb.vc_custom_1460017962449{margin-top: 100px !important;margin-bottom: 100px !important;}\u00a0\u00bb] Exemple de page \u00ab\u00a0Item\u00a0\u00bb DIRECTION ARTISTIQUE MARIE-SOPHIE KELLER &nbsp; Cette page permet...","og_url":"https:\/\/agencetandem.com\/index.php\/item-modele\/","og_site_name":"Tandem I Communication &amp; design graphique","article_publisher":"https:\/\/www.facebook.com\/agencetandem.nancy.paris\/","article_modified_time":"2016-04-07T08:33:11+00:00","twitter_card":"summary_large_image","schema":{"@context":"https:\/\/schema.org","@graph":[{"@type":"WebPage","@id":"https:\/\/agencetandem.com\/index.php\/item-modele\/","url":"https:\/\/agencetandem.com\/index.php\/item-modele\/","name":"Item - Mod\u00e8le - Tandem I Communication &amp; design graphique","isPartOf":{"@id":"https:\/\/agencetandem.com\/#website"},"datePublished":"2016-04-07T06:57:23+00:00","dateModified":"2016-04-07T08:33:11+00:00","breadcrumb":{"@id":"https:\/\/agencetandem.com\/index.php\/item-modele\/#breadcrumb"},"inLanguage":"fr-FR","potentialAction":[{"@type":"ReadAction","target":["https:\/\/agencetandem.com\/index.php\/item-modele\/"]}]},{"@type":"BreadcrumbList","@id":"https:\/\/agencetandem.com\/index.php\/item-modele\/#breadcrumb","itemListElement":[{"@type":"ListItem","position":1,"name":"Home","item":"https:\/\/agencetandem.com\/"},{"@type":"ListItem","position":2,"name":"Item &#8211; Mod\u00e8le"}]},{"@type":"WebSite","@id":"https:\/\/agencetandem.com\/#website","url":"https:\/\/agencetandem.com\/","name":"AGENCE TANDEM I Design graphique","description":"Tandem, studio de cr\u00e9ation graphique implant\u00e9 sur Nancy et Paris. Nous donnons une belle impulsion \u00e0 vos projets de communication,  en vous proposant des solutions cr\u00e9atives sur-mesure et efficaces. D\u00e9marquez-vous avec un univers visuel unique et remarquable.","publisher":{"@id":"https:\/\/agencetandem.com\/#organization"},"potentialAction":[{"@type":"SearchAction","target":{"@type":"EntryPoint","urlTemplate":"https:\/\/agencetandem.com\/?s={search_term_string}"},"query-input":{"@type":"PropertyValueSpecification","valueRequired":true,"valueName":"search_term_string"}}],"inLanguage":"fr-FR"},{"@type":"Organization","@id":"https:\/\/agencetandem.com\/#organization","name":"Agence Tandem","url":"https:\/\/agencetandem.com\/","logo":{"@type":"ImageObject","inLanguage":"fr-FR","@id":"https:\/\/agencetandem.com\/#\/schema\/logo\/image\/","url":"http:\/\/agencetandem.com\/wp-content\/uploads\/2017\/02\/Avatar-RVB-rouge-AT.png","contentUrl":"http:\/\/agencetandem.com\/wp-content\/uploads\/2017\/02\/Avatar-RVB-rouge-AT.png","width":2363,"height":2363,"caption":"Agence Tandem"},"image":{"@id":"https:\/\/agencetandem.com\/#\/schema\/logo\/image\/"},"sameAs":["https:\/\/www.facebook.com\/agencetandem.nancy.paris\/","https:\/\/www.pinterest.fr\/msophiekeller\/boards\/"]}]}},"_links":{"self":[{"href":"https:\/\/agencetandem.com\/index.php\/wp-json\/wp\/v2\/pages\/36","targetHints":{"allow":["GET"]}}],"collection":[{"href":"https:\/\/agencetandem.com\/index.php\/wp-json\/wp\/v2\/pages"}],"about":[{"href":"https:\/\/agencetandem.com\/index.php\/wp-json\/wp\/v2\/types\/page"}],"author":[{"embeddable":true,"href":"https:\/\/agencetandem.com\/index.php\/wp-json\/wp\/v2\/users\/1"}],"replies":[{"embeddable":true,"href":"https:\/\/agencetandem.com\/index.php\/wp-json\/wp\/v2\/comments?post=36"}],"version-history":[{"count":4,"href":"https:\/\/agencetandem.com\/index.php\/wp-json\/wp\/v2\/pages\/36\/revisions"}],"predecessor-version":[{"id":51,"href":"https:\/\/agencetandem.com\/index.php\/wp-json\/wp\/v2\/pages\/36\/revisions\/51"}],"wp:attachment":[{"href":"https:\/\/agencetandem.com\/index.php\/wp-json\/wp\/v2\/media?parent=36"}],"curies":[{"name":"wp","href":"https:\/\/api.w.org\/{rel}","templated":true}]}}